{"id":13,"date":"2026-04-19T11:45:33","date_gmt":"2026-04-19T09:45:33","guid":{"rendered":"http:\/\/new.virelo.com.pl\/?post_type=product&#038;p=13"},"modified":"2026-04-19T11:48:08","modified_gmt":"2026-04-19T09:48:08","slug":"air-fryer-frytkownica-hd-9880-83l","status":"publish","type":"product","link":"https:\/\/new.virelo.com.pl\/?product=air-fryer-frytkownica-hd-9880-83l","title":{"rendered":"Air fryer Frytkownica HD-9880 8,3L"},"content":{"rendered":"<p>Cechy produktu<br \/>\n\u2022 Potrawy przyrz\u0105dzane\u00a01,5x szybciej ni\u017c\u00a0w piekarniku<br \/>\n\u2022 Zdrowiej \u2013 do 99%\u00a0mniej t\u0142uszczu<br \/>\n\u2022 22 funkcje gotowania:\u00a0pieczenie, sma\u017cenie, duszenie, grillowanie, sous vide i inne<br \/>\n\u2022 Oszcz\u0119dno\u015b\u0107do 70% energii<br \/>\n\u2022 7 porcji jedzenia za\u00a0jednym razem \u2013\u00a0pojemno\u015b\u0107 8,3 l<br \/>\n\u2022 Auto-programy\u00a0dopasowuj\u0105ce ustawienia<br \/>\n\u2022 Termometr do \u017cywno\u015bci\u00a0dla perfekcyjnie\u00a0przyrz\u0105dzonych da\u0144<br \/>\n\u2022 Aplikacja NutriU\u00a0z setkami przepis\u00f3w<br \/>\nZawarto\u015b\u0107 zestawu:<br \/>\n\u2022 Philips OVI Smart 2.0\u00a0HD9880\/90<br \/>\n\u2022 Termometr do \u017cywno\u015bci<\/p>\n<p>Szybciej, zdrowiej, smaczniej<br \/>\nSzyciej\u00a0\u2013 1,5x szybsze gotowanie*.\u00a0Dzi\u0119ki innowacyjnej technologii Rapid CombiAir nie trzeba czeka\u0107 na nagrzanie si\u0119 urz\u0105dzenia, co umo\u017cliwia szybsze gotowanie w por\u00f3wnaniu do standardowego piekarnika.<br \/>\nZdrowiej.\u00a0Przyrz\u0105dzone dania zachowaj\u0105 Tw\u00f3j ulubiony smak, ale b\u0119d\u0105 zdrowsze! Dzi\u0119ki Ovi Smart 2.0 mo\u017cesz ograniczy\u0107 u\u017cycie t\u0142uszczu a\u017c o 99%**, gotuj\u0105c przy wykorzystaniu gor\u0105cego powietrza.<br \/>\nPojemno\u015b\u0107 dla ca\u0142ej rodziny.\u00a0Gotuj wygodnie 7 porcji potraw na raz. Pojemno\u015b\u0107 Ovi Smart 2.0 wynosi 8,3 litra, co oznacza, \u017ce mo\u017cesz nawet upiec ca\u0142ego kurczaka!<br \/>\n*\u015arednie warto\u015bci obliczono na podstawie pomiar\u00f3w wykonanych w wewn\u0119trznym laboratorium przy u\u017cyciu produkt\u00f3w HD9280, HD9650, HD9270, HD9285, HD9252, HD9200, HD9255, HD9880; ugotowanie jednego kurczaka (ustawienia Ovi: 160\u00b0C, bez wst\u0119pnego nagrzewania) lub fileta z \u0142ososia (ustawienia Ovi: 200\u00b0C, bez wst\u0119pnego nagrzewania) por\u00f3wnano z zastosowaniem piekarnika klasy A.<br \/>\n**Pieczenie 1 kg frytek ze \u015bwie\u017cych ziemniak\u00f3w z 1 \u0142y\u017ck\u0105 oleju w por\u00f3wnaniu z tradycyjnym g\u0142\u0119bokim sma\u017ceniem w 2 l oleju.<\/p>\n","protected":false},"excerpt":{"rendered":"<p>Cechy produktu \u2022 Potrawy przyrz\u0105dzane\u00a01,5x szybciej ni\u017c\u00a0w piekarniku \u2022 Zdrowiej \u2013 do 99%\u00a0mniej t\u0142uszczu \u2022 22 funkcje gotowania:\u00a0pieczenie, sma\u017cenie, duszenie, grillowanie, sous vide i inne \u2022 Oszcz\u0119dno\u015b\u0107do 70% energii \u2022 7 porcji jedzenia za\u00a0jednym razem \u2013\u00a0pojemno\u015b\u0107 8,3 l \u2022 Auto-programy\u00a0dopasowuj\u0105ce ustawienia \u2022 Termometr do \u017cywno\u015bci\u00a0dla perfekcyjnie\u00a0przyrz\u0105dzonych da\u0144 \u2022 Aplikacja NutriU\u00a0z setkami przepis\u00f3w Zawarto\u015b\u0107 zestawu: \u2022 [&hellip;]<\/p>\n","protected":false},"featured_media":28,"template":"","meta":[],"product_brand":[],"product_cat":[16],"product_tag":[],"class_list":{"0":"post-13","1":"product","2":"type-product","3":"status-publish","4":"has-post-thumbnail","6":"product_cat-agd","8":"first","9":"instock","10":"taxable","11":"shipping-taxable","12":"purchasable","13":"product-type-simple"},"_links":{"self":[{"href":"https:\/\/new.virelo.com.pl\/index.php?rest_route=\/wp\/v2\/product\/13","targetHints":{"allow":["GET"]}}],"collection":[{"href":"https:\/\/new.virelo.com.pl\/index.php?rest_route=\/wp\/v2\/product"}],"about":[{"href":"https:\/\/new.virelo.com.pl\/index.php?rest_route=\/wp\/v2\/types\/product"}],"wp:featuredmedia":[{"embeddable":true,"href":"https:\/\/new.virelo.com.pl\/index.php?rest_route=\/wp\/v2\/media\/28"}],"wp:attachment":[{"href":"https:\/\/new.virelo.com.pl\/index.php?rest_route=%2Fwp%2Fv2%2Fmedia&parent=13"}],"wp:term":[{"taxonomy":"product_brand","embeddable":true,"href":"https:\/\/new.virelo.com.pl\/index.php?rest_route=%2Fwp%2Fv2%2Fproduct_brand&post=13"},{"taxonomy":"product_cat","embeddable":true,"href":"https:\/\/new.virelo.com.pl\/index.php?rest_route=%2Fwp%2Fv2%2Fproduct_cat&post=13"},{"taxonomy":"product_tag","embeddable":true,"href":"https:\/\/new.virelo.com.pl\/index.php?rest_route=%2Fwp%2Fv2%2Fproduct_tag&post=13"}],"curies":[{"name":"wp","href":"https:\/\/api.w.org\/{rel}","templated":true}]}}